{"id":47,"date":"2024-12-27T15:02:32","date_gmt":"2024-12-27T15:02:32","guid":{"rendered":"https:\/\/barracaduo.com\/84rK4\/home\/"},"modified":"2025-02-05T14:04:27","modified_gmt":"2025-02-05T14:04:27","slug":"home","status":"publish","type":"page","link":"https:\/\/barracaduo.com\/84rK4\/","title":{"rendered":"Home"},"content":{"rendered":"<body>\n\n\n<h1>Bienvenidos!<\/h1>\n<h3>Pinturas, herramientas y accesorios<br><\/h3>\n<p>Tenemos la experiencia y el conocimiento para asesorarlo en su proyecto de construcci\u00f3n, reforma o en el mantenimiento de su hogar.<br><\/p>\n\n\n\n\n<h1>Categor\u00edas<br><\/h1>\n\n\n\n\n\n\n\n\n\n\n\n\n\n\n\n\n\n\n\n\n\n\n<h1>Por qu\u00e9 Nos eleigen<br><\/h1>\n\n\n<p><span>Con a\u00f1os de trayectoria en el rubro ferreter\u00eda y pinturer\u00eda.<br><\/span><\/p>\n\n\n<p><span>Consulte por nuestras ofertas. Se va a sorprender!!<\/span><\/p>\n\n\n\n\n<p><span>R\u00e1pidamente y sin costo, dentro de Montevideo.<\/span><\/p>\n\n\n<p><span>Si no tenemos lo que busca, se lo conseguimos!!<br><\/span><\/p>\n\n\n\n\n\n\n\n\n\n\n\n<h1>Qu\u00e9 dicen nuestros clientes?<\/h1>\n\n<p>Un gran apoyo t\u00e9cnico a la hora de abordar un proyecto.Invalorable compromiso al momento de proveernos de los insumos necesarios. <\/p>\n<p>Servicio y calidad sin comparaci\u00f3n. Nunca nos deja a pie!<\/p>\n\n<p>Lorem ipsum dolor sit amet, consectetuer adipiscing elit. Aenean commodo ligule eget dolor. Aenaen massa, Cum soolis natoque penatibus et magnis dis parturient montes nascetur ridiculus mus<\/p>\n\n<p>Lorem ipsum dolor sit amet, consectetuer adipiscing elit. Aenean commodo ligule eget dolor. Aenaen massa, Cum soolis natoque penatibus et magnis dis parturient montes nascetur ridiculus mus<\/p>\n\n<p>Lorem ipsum dolor sit amet, consectetuer adipiscing elit. Aenean commodo ligule eget dolor. Aenaen massa, Cum soolis natoque penatibus et magnis dis parturient montes nascetur ridiculus mus<\/p>\n\n<p>Lorem ipsum dolor sit amet, consectetuer adipiscing elit. Aenean commodo ligule eget dolor. Aenaen massa, Cum soolis natoque penatibus et magnis dis parturient montes nascetur ridiculus mus<\/p>\n\n\n\n\n\n\n\n\n<\/body>","protected":false},"excerpt":{"rendered":"","protected":false},"author":1,"featured_media":0,"parent":0,"menu_order":0,"comment_status":"closed","ping_status":"closed","template":"","meta":{"om_disable_all_campaigns":false,"pagelayer_contact_templates":[],"_pagelayer_content":"","footnotes":""},"class_list":["post-47","page","type-page","status-publish","hentry"],"jetpack_sharing_enabled":true,"_links":{"self":[{"href":"https:\/\/barracaduo.com\/84rK4\/wp-json\/wp\/v2\/pages\/47","targetHints":{"allow":["GET"]}}],"collection":[{"href":"https:\/\/barracaduo.com\/84rK4\/wp-json\/wp\/v2\/pages"}],"about":[{"href":"https:\/\/barracaduo.com\/84rK4\/wp-json\/wp\/v2\/types\/page"}],"author":[{"embeddable":true,"href":"https:\/\/barracaduo.com\/84rK4\/wp-json\/wp\/v2\/users\/1"}],"replies":[{"embeddable":true,"href":"https:\/\/barracaduo.com\/84rK4\/wp-json\/wp\/v2\/comments?post=47"}],"version-history":[{"count":5,"href":"https:\/\/barracaduo.com\/84rK4\/wp-json\/wp\/v2\/pages\/47\/revisions"}],"predecessor-version":[{"id":490,"href":"https:\/\/barracaduo.com\/84rK4\/wp-json\/wp\/v2\/pages\/47\/revisions\/490"}],"wp:attachment":[{"href":"https:\/\/barracaduo.com\/84rK4\/wp-json\/wp\/v2\/media?parent=47"}],"curies":[{"name":"wp","href":"https:\/\/api.w.org\/{rel}","templated":true}]}}