{"id":411,"date":"2025-01-12T09:02:43","date_gmt":"2025-01-12T09:02:43","guid":{"rendered":"https:\/\/barracaduo.com\/84rK4\/?post_type=product&#038;p=411"},"modified":"2025-01-12T09:08:33","modified_gmt":"2025-01-12T09:08:33","slug":"acrilico-uretanico-unique","status":"publish","type":"product","link":"https:\/\/barracaduo.com\/84rK4\/producto\/acrilico-uretanico-unique\/","title":{"rendered":"Acr\u00edlico Uret\u00e1nico Unique"},"content":{"rendered":"<body><p>Acr\u00edlico Uret\u00e1nico Unique<\/p>\n<\/body>","protected":false},"excerpt":{"rendered":"<p>Acr\u00edlico Uret\u00e1nico Unique<\/p>\n","protected":false},"featured_media":412,"template":"","meta":{"om_disable_all_campaigns":false,"pagelayer_contact_templates":[],"_pagelayer_content":""},"product_brand":[],"product_cat":[17],"product_tag":[],"class_list":{"0":"post-411","1":"product","2":"type-product","3":"status-publish","4":"has-post-thumbnail","6":"product_cat-pinturas-y-barnices","8":"first","9":"instock","10":"shipping-taxable","11":"purchasable","12":"product-type-simple"},"jetpack_sharing_enabled":true,"_links":{"self":[{"href":"https:\/\/barracaduo.com\/84rK4\/wp-json\/wp\/v2\/product\/411","targetHints":{"allow":["GET"]}}],"collection":[{"href":"https:\/\/barracaduo.com\/84rK4\/wp-json\/wp\/v2\/product"}],"about":[{"href":"https:\/\/barracaduo.com\/84rK4\/wp-json\/wp\/v2\/types\/product"}],"wp:featuredmedia":[{"embeddable":true,"href":"https:\/\/barracaduo.com\/84rK4\/wp-json\/wp\/v2\/media\/412"}],"wp:attachment":[{"href":"https:\/\/barracaduo.com\/84rK4\/wp-json\/wp\/v2\/media?parent=411"}],"wp:term":[{"taxonomy":"product_brand","embeddable":true,"href":"https:\/\/barracaduo.com\/84rK4\/wp-json\/wp\/v2\/product_brand?post=411"},{"taxonomy":"product_cat","embeddable":true,"href":"https:\/\/barracaduo.com\/84rK4\/wp-json\/wp\/v2\/product_cat?post=411"},{"taxonomy":"product_tag","embeddable":true,"href":"https:\/\/barracaduo.com\/84rK4\/wp-json\/wp\/v2\/product_tag?post=411"}],"curies":[{"name":"wp","href":"https:\/\/api.w.org\/{rel}","templated":true}]}}