{"id":450,"date":"2025-01-12T10:31:03","date_gmt":"2025-01-12T10:31:03","guid":{"rendered":"https:\/\/barracaduo.com\/84rK4\/?post_type=product&#038;p=450"},"modified":"2025-01-12T10:31:03","modified_gmt":"2025-01-12T10:31:03","slug":"modulo-3-en-linea-presta","status":"publish","type":"product","link":"https:\/\/barracaduo.com\/84rK4\/producto\/modulo-3-en-linea-presta\/","title":{"rendered":"M\u00f3dulo 3 en l\u00ednea PRESTA"},"content":{"rendered":"<body><p>M\u00f3dulo 3 en l\u00ednea PRESTA<\/p>\n<\/body>","protected":false},"excerpt":{"rendered":"<p>M\u00f3dulo 3 en l\u00ednea PRESTA<\/p>\n","protected":false},"featured_media":451,"template":"","meta":{"om_disable_all_campaigns":false,"pagelayer_contact_templates":[],"_pagelayer_content":""},"product_brand":[],"product_cat":[20],"product_tag":[],"class_list":{"0":"post-450","1":"product","2":"type-product","3":"status-publish","4":"has-post-thumbnail","6":"product_cat-insumos-electricos","8":"first","9":"instock","10":"shipping-taxable","11":"purchasable","12":"product-type-simple"},"jetpack_sharing_enabled":true,"_links":{"self":[{"href":"https:\/\/barracaduo.com\/84rK4\/wp-json\/wp\/v2\/product\/450","targetHints":{"allow":["GET"]}}],"collection":[{"href":"https:\/\/barracaduo.com\/84rK4\/wp-json\/wp\/v2\/product"}],"about":[{"href":"https:\/\/barracaduo.com\/84rK4\/wp-json\/wp\/v2\/types\/product"}],"wp:featuredmedia":[{"embeddable":true,"href":"https:\/\/barracaduo.com\/84rK4\/wp-json\/wp\/v2\/media\/451"}],"wp:attachment":[{"href":"https:\/\/barracaduo.com\/84rK4\/wp-json\/wp\/v2\/media?parent=450"}],"wp:term":[{"taxonomy":"product_brand","embeddable":true,"href":"https:\/\/barracaduo.com\/84rK4\/wp-json\/wp\/v2\/product_brand?post=450"},{"taxonomy":"product_cat","embeddable":true,"href":"https:\/\/barracaduo.com\/84rK4\/wp-json\/wp\/v2\/product_cat?post=450"},{"taxonomy":"product_tag","embeddable":true,"href":"https:\/\/barracaduo.com\/84rK4\/wp-json\/wp\/v2\/product_tag?post=450"}],"curies":[{"name":"wp","href":"https:\/\/api.w.org\/{rel}","templated":true}]}}